{"id":33,"date":"2023-11-02T22:53:24","date_gmt":"2023-11-02T21:53:24","guid":{"rendered":"https:\/\/monkichanvre.com\/?post_type=product&#038;p=33"},"modified":"2026-03-06T23:09:39","modified_gmt":"2026-03-06T22:09:39","slug":"monki-green","status":"publish","type":"product","link":"https:\/\/monkichanvre.com\/index.php\/produit\/monki-green\/","title":{"rendered":"Monki Green &#8211; Demeter \u00c9dition"},"content":{"rendered":"<p>Monki Green \u2013 L\u2019\u00c9veil Cr\u00e9atif au Naturel<\/p>\n<p>Laissez-vous s\u00e9duire par Monki Green, une fleur de CBD premium issue de l\u2019agriculture biologique, cultiv\u00e9e dans le respect de la nature et de la biodiversit\u00e9.<\/p>\n<p>\u00c0 la vaporisation, elle offre un effet relaxant et l\u00e9g\u00e8rement euphorique, id\u00e9al pour booster l\u2019inspiration et lib\u00e9rer la cr\u00e9ativit\u00e9. Son subtil buzz hypnotique en fait la complice parfaite de vos moments d\u2019\u00e9vasion artistique.<\/p>\n<p>Son profil terp\u00e9nique gourmand et complexe r\u00e9v\u00e8le des ar\u00f4mes fruit\u00e9s de fruits \u00e9xotique \u2014 ananas et banane \u2014 sublim\u00e9s par de d\u00e9licates notes de bubble gum et une touche houblonn\u00e9e.<\/p>\n<p>Une exp\u00e9rience sensorielle unique, pour un plaisir des papilles et un r\u00e9confort de l\u2019esprit, une fleur qui colle au palais parfaite pour une soir\u00e9e zen et cr\u00e9ative<\/p>\n<p>\ud83d\udc49 Disponible en doypacks de 3, 5, 10 et 40g.<\/p>\n","protected":false},"excerpt":{"rendered":"<p>D\u00e9couvrez Monki Green, fleur de CBD bio aux ar\u00f4mes tropicaux et bubble gum. Effet relaxant et euphorique pour booster votre cr\u00e9ativit\u00e9. Disponible en 3, 5, 10, 40g.<\/p>\n","protected":false},"featured_media":1046,"comment_status":"open","ping_status":"closed","template":"","meta":[],"product_brand":[],"product_cat":[17],"product_tag":[],"class_list":{"0":"post-33","1":"product","2":"type-product","3":"status-publish","4":"has-post-thumbnail","6":"product_cat-fleurs","8":"first","9":"outofstock","10":"taxable","11":"shipping-taxable","12":"product-type-variable"},"aioseo_notices":[],"_links":{"self":[{"href":"https:\/\/monkichanvre.com\/index.php\/wp-json\/wp\/v2\/product\/33","targetHints":{"allow":["GET"]}}],"collection":[{"href":"https:\/\/monkichanvre.com\/index.php\/wp-json\/wp\/v2\/product"}],"about":[{"href":"https:\/\/monkichanvre.com\/index.php\/wp-json\/wp\/v2\/types\/product"}],"replies":[{"embeddable":true,"href":"https:\/\/monkichanvre.com\/index.php\/wp-json\/wp\/v2\/comments?post=33"}],"wp:featuredmedia":[{"embeddable":true,"href":"https:\/\/monkichanvre.com\/index.php\/wp-json\/wp\/v2\/media\/1046"}],"wp:attachment":[{"href":"https:\/\/monkichanvre.com\/index.php\/wp-json\/wp\/v2\/media?parent=33"}],"wp:term":[{"taxonomy":"product_brand","embeddable":true,"href":"https:\/\/monkichanvre.com\/index.php\/wp-json\/wp\/v2\/product_brand?post=33"},{"taxonomy":"product_cat","embeddable":true,"href":"https:\/\/monkichanvre.com\/index.php\/wp-json\/wp\/v2\/product_cat?post=33"},{"taxonomy":"product_tag","embeddable":true,"href":"https:\/\/monkichanvre.com\/index.php\/wp-json\/wp\/v2\/product_tag?post=33"}],"curies":[{"name":"wp","href":"https:\/\/api.w.org\/{rel}","templated":true}]}}